{"id":83,"date":"2024-08-09T10:08:27","date_gmt":"2024-08-09T10:08:27","guid":{"rendered":"https:\/\/lempi.mkteemat.fi\/?page_id=83"},"modified":"2025-02-10T12:30:51","modified_gmt":"2025-02-10T10:30:51","slug":"yhteystiedot","status":"publish","type":"page","link":"https:\/\/demot.mkteemat.com\/lempi\/yhteystiedot\/","title":{"rendered":"Yhteystiedot"},"content":{"rendered":"<style>.kb-row-layout-id83_7def87-f5 > .kt-row-column-wrap{align-content:start;}:where(.kb-row-layout-id83_7def87-f5 > .kt-row-column-wrap) > .wp-block-kadence-column{justify-content:start;}.kb-row-layout-id83_7def87-f5 > .kt-row-column-wrap{column-gap:var(--global-kb-gap-md, 2rem);row-gap:var(--global-kb-gap-md, 2rem);max-width:var( --global-content-width, 1290px );padding-left:var(--global-content-edge-padding);padding-right:var(--global-content-edge-padding);padding-top:5%;padding-right:20%;padding-bottom:5%;padding-left:20%;grid-template-columns:minmax(0, 1fr);}.kb-row-layout-id83_7def87-f5{background-image:url('https:\/\/demot.mkteemat.com\/lempi\/wp-content\/uploads\/sites\/2\/2024\/09\/kuva-20.jpg');background-size:cover;background-position:center center;background-attachment:scroll;background-repeat:no-repeat;}.kb-row-layout-id83_7def87-f5 > .kt-row-layout-overlay{opacity:0.30;background-color:var(--global-palette1, #3182CE);}@media all and (max-width: 1024px){.kb-row-layout-id83_7def87-f5 > .kt-row-column-wrap{padding-right:15%;padding-left:15%;grid-template-columns:minmax(0, 1fr);}}@media all and (max-width: 767px){.kb-row-layout-id83_7def87-f5 > .kt-row-column-wrap{padding-right:5%;padding-left:5%;grid-template-columns:minmax(0, 1fr);}}<\/style><div class=\"kb-row-layout-wrap kb-row-layout-id83_7def87-f5 alignfull kt-row-has-bg mk-banner wp-block-kadence-rowlayout\"><div class=\"kt-row-layout-overlay kt-row-overlay-normal\"><\/div><div class=\"kt-row-column-wrap kt-has-1-columns kt-row-layout-equal kt-tab-layout-inherit kt-mobile-layout-row kt-row-valign-top kb-theme-content-width\">\n<style>.kadence-column83_9e9d75-ce > .kt-inside-inner-col,.kadence-column83_9e9d75-ce > .kt-inside-inner-col:before{border-top-left-radius:0px;border-top-right-radius:0px;border-bottom-right-radius:0px;border-bottom-left-radius:0px;}.kadence-column83_9e9d75-ce > .kt-inside-inner-col{column-gap:var(--global-kb-gap-sm, 1rem);}.kadence-column83_9e9d75-ce > .kt-inside-inner-col{flex-direction:column;}.kadence-column83_9e9d75-ce > .kt-inside-inner-col > .aligncenter{width:100%;}.kadence-column83_9e9d75-ce > .kt-inside-inner-col{background-color:var(--global-palette9, #ffffff);}.kadence-column83_9e9d75-ce > .kt-inside-inner-col:before{opacity:0.3;}.kadence-column83_9e9d75-ce{position:relative;}@media all and (max-width: 1024px){.kadence-column83_9e9d75-ce > .kt-inside-inner-col{flex-direction:column;justify-content:center;}}@media all and (max-width: 767px){.kadence-column83_9e9d75-ce > .kt-inside-inner-col{flex-direction:column;justify-content:center;}}<\/style>\n<div class=\"wp-block-kadence-column kadence-column83_9e9d75-ce\"><div class=\"kt-inside-inner-col\"><style>.wp-block-kadence-advancedheading.kt-adv-heading83_eedfc3-17, .wp-block-kadence-advancedheading.kt-adv-heading83_eedfc3-17[data-kb-block=\"kb-adv-heading83_eedfc3-17\"]{padding-top:var(--global-kb-spacing-sm, 1.5rem);padding-right:var(--global-kb-spacing-lg, 3rem);padding-bottom:var(--global-kb-spacing-sm, 1.5rem);padding-left:var(--global-kb-spacing-lg, 3rem);text-align:center;font-style:normal;}.wp-block-kadence-advancedheading.kt-adv-heading83_eedfc3-17 mark.kt-highlight, .wp-block-kadence-advancedheading.kt-adv-heading83_eedfc3-17[data-kb-block=\"kb-adv-heading83_eedfc3-17\"] mark.kt-highlight{font-style:normal;color:#f76a0c;-webkit-box-decoration-break:clone;box-decoration-break:clone;padding-top:0px;padding-right:0px;padding-bottom:0px;padding-left:0px;}.wp-block-kadence-advancedheading.kt-adv-heading83_eedfc3-17 img.kb-inline-image, .wp-block-kadence-advancedheading.kt-adv-heading83_eedfc3-17[data-kb-block=\"kb-adv-heading83_eedfc3-17\"] img.kb-inline-image{width:150px;vertical-align:baseline;}<\/style>\n<h2 class=\"kt-adv-heading83_eedfc3-17 wp-block-kadence-advancedheading\" data-kb-block=\"kb-adv-heading83_eedfc3-17\">Yhteystiedot<\/h2>\n<\/div><\/div>\n\n<\/div><\/div>\n\n<style>.kb-row-layout-id83_b92793-ae > .kt-row-column-wrap{align-content:start;}:where(.kb-row-layout-id83_b92793-ae > .kt-row-column-wrap) > .wp-block-kadence-column{justify-content:start;}.kb-row-layout-id83_b92793-ae > .kt-row-column-wrap{column-gap:var(--global-kb-gap-lg, 4rem);row-gap:var(--global-kb-gap-md, 2rem);max-width:var( --global-content-width, 1290px );padding-left:var(--global-content-edge-padding);padding-right:var(--global-content-edge-padding);padding-top:var(--global-kb-spacing-xl, 4rem);padding-bottom:var(--global-kb-spacing-xl, 4rem);grid-template-columns:repeat(2, minmax(0, 1fr));}.kb-row-layout-id83_b92793-ae > .kt-row-layout-overlay{opacity:0.30;}@media all and (max-width: 1024px){.kb-row-layout-id83_b92793-ae > .kt-row-column-wrap{grid-template-columns:repeat(2, minmax(0, 1fr));}}@media all and (max-width: 767px){.kb-row-layout-id83_b92793-ae > .kt-row-column-wrap{grid-template-columns:minmax(0, 1fr);}}<\/style><div class=\"kb-row-layout-wrap kb-row-layout-id83_b92793-ae alignfull wp-block-kadence-rowlayout\"><div class=\"kt-row-column-wrap kt-has-2-columns kt-row-layout-equal kt-tab-layout-inherit kt-mobile-layout-row kt-row-valign-top kb-theme-content-width\">\n<style>.kadence-column83_2ef1cc-e3 > .kt-inside-inner-col,.kadence-column83_2ef1cc-e3 > .kt-inside-inner-col:before{border-top-left-radius:0px;border-top-right-radius:0px;border-bottom-right-radius:0px;border-bottom-left-radius:0px;}.kadence-column83_2ef1cc-e3 > .kt-inside-inner-col{column-gap:var(--global-kb-gap-sm, 1rem);}.kadence-column83_2ef1cc-e3 > .kt-inside-inner-col{flex-direction:column;}.kadence-column83_2ef1cc-e3 > .kt-inside-inner-col > .aligncenter{width:100%;}.kadence-column83_2ef1cc-e3 > .kt-inside-inner-col:before{opacity:0.3;}.kadence-column83_2ef1cc-e3{position:relative;}@media all and (max-width: 1024px){.kadence-column83_2ef1cc-e3 > .kt-inside-inner-col{flex-direction:column;justify-content:center;}}@media all and (max-width: 767px){.kadence-column83_2ef1cc-e3 > .kt-inside-inner-col{flex-direction:column;justify-content:center;}}<\/style>\n<div class=\"wp-block-kadence-column kadence-column83_2ef1cc-e3\"><div class=\"kt-inside-inner-col\"><style>.wp-block-kadence-advancedheading.kt-adv-heading83_9cbb7a-37, .wp-block-kadence-advancedheading.kt-adv-heading83_9cbb7a-37[data-kb-block=\"kb-adv-heading83_9cbb7a-37\"]{margin-bottom:var(--global-kb-spacing-md, 2rem);font-style:normal;}.wp-block-kadence-advancedheading.kt-adv-heading83_9cbb7a-37 mark.kt-highlight, .wp-block-kadence-advancedheading.kt-adv-heading83_9cbb7a-37[data-kb-block=\"kb-adv-heading83_9cbb7a-37\"] mark.kt-highlight{font-style:normal;color:#f76a0c;-webkit-box-decoration-break:clone;box-decoration-break:clone;padding-top:0px;padding-right:0px;padding-bottom:0px;padding-left:0px;}.wp-block-kadence-advancedheading.kt-adv-heading83_9cbb7a-37 img.kb-inline-image, .wp-block-kadence-advancedheading.kt-adv-heading83_9cbb7a-37[data-kb-block=\"kb-adv-heading83_9cbb7a-37\"] img.kb-inline-image{width:150px;vertical-align:baseline;}<\/style>\n<h2 class=\"kt-adv-heading83_9cbb7a-37 wp-block-kadence-advancedheading\" data-kb-block=\"kb-adv-heading83_9cbb7a-37\">Yrityksen nimi<\/h2>\n\n\n<style>.wp-block-kadence-iconlist.kt-svg-icon-list-items83_44b108-5b:not(.this-stops-third-party-issues){margin-top:0px;margin-bottom:0px;}.wp-block-kadence-iconlist.kt-svg-icon-list-items83_44b108-5b ul.kt-svg-icon-list:not(.this-prevents-issues):not(.this-stops-third-party-issues):not(.tijsloc){margin-top:0px;margin-right:0px;margin-bottom:var(--global-kb-spacing-sm, 1.5rem);margin-left:0px;}.wp-block-kadence-iconlist.kt-svg-icon-list-items83_44b108-5b ul.kt-svg-icon-list{grid-row-gap:15px;}.wp-block-kadence-iconlist.kt-svg-icon-list-items83_44b108-5b .kb-svg-icon-wrap{font-size:20px;color:var(--global-palette2, #2B6CB0);}.wp-block-kadence-iconlist.kt-svg-icon-list-items83_44b108-5b ul.kt-svg-icon-list .kt-svg-icon-list-item-wrap .kt-svg-icon-list-single{margin-right:15px;}.kt-svg-icon-list-items83_44b108-5b ul.kt-svg-icon-list .kt-svg-icon-list-level-0 .kt-svg-icon-list-single svg{font-size:20px;}<\/style>\n<div class=\"wp-block-kadence-iconlist kt-svg-icon-list-items kt-svg-icon-list-items83_44b108-5b kt-svg-icon-list-columns-1 alignnone\"><ul class=\"kt-svg-icon-list\"><style>.kt-svg-icon-list-item-83_c28b70-e4 .kt-svg-icon-list-text mark.kt-highlight{background-color:unset;font-style:normal;color:#f76a0c;-webkit-box-decoration-break:clone;box-decoration-break:clone;padding-top:0px;padding-right:0px;padding-bottom:0px;padding-left:0px;}<\/style>\n<li class=\"wp-block-kadence-listitem kt-svg-icon-list-item-wrap kt-svg-icon-list-item-83_c28b70-e4\"><span class=\"kb-svg-icon-wrap kb-svg-icon-fe_mapPin kt-svg-icon-list-single\"><svg viewBox=\"0 0 24 24\"  fill=\"none\" stroke=\"currentColor\" stroke-width=\"2\" stroke-linecap=\"round\" stroke-linejoin=\"round\" xmlns=\"http:\/\/www.w3.org\/2000\/svg\"  aria-hidden=\"true\"><path d=\"M21 10c0 7-9 13-9 13s-9-6-9-13a9 9 0 0 1 18 0z\"\/><circle cx=\"12\" cy=\"10\" r=\"3\"\/><\/svg><\/span><span class=\"kt-svg-icon-list-text\">Yrityksentie 1<br>12345 Kaupunki<\/span><\/li>\n\n\n<style>.kt-svg-icon-list-item-83_5a1a39-a8 .kt-svg-icon-list-text mark.kt-highlight{background-color:unset;font-style:normal;color:#f76a0c;-webkit-box-decoration-break:clone;box-decoration-break:clone;padding-top:0px;padding-right:0px;padding-bottom:0px;padding-left:0px;}<\/style>\n<li class=\"wp-block-kadence-listitem kt-svg-icon-list-item-wrap kt-svg-icon-list-item-83_5a1a39-a8\"><span class=\"kb-svg-icon-wrap kb-svg-icon-fe_phone kt-svg-icon-list-single\"><svg viewBox=\"0 0 24 24\"  fill=\"none\" stroke=\"currentColor\" stroke-width=\"2\" stroke-linecap=\"round\" stroke-linejoin=\"round\" xmlns=\"http:\/\/www.w3.org\/2000\/svg\"  aria-hidden=\"true\"><path d=\"M22 16.92v3a2 2 0 0 1-2.18 2 19.79 19.79 0 0 1-8.63-3.07 19.5 19.5 0 0 1-6-6 19.79 19.79 0 0 1-3.07-8.67A2 2 0 0 1 4.11 2h3a2 2 0 0 1 2 1.72 12.84 12.84 0 0 0 .7 2.81 2 2 0 0 1-.45 2.11L8.09 9.91a16 16 0 0 0 6 6l1.27-1.27a2 2 0 0 1 2.11-.45 12.84 12.84 0 0 0 2.81.7A2 2 0 0 1 22 16.92z\"\/><\/svg><\/span><span class=\"kt-svg-icon-list-text\">045 1234567<\/span><\/li>\n\n\n<style>.kt-svg-icon-list-item-83_036525-92 .kt-svg-icon-list-text mark.kt-highlight{background-color:unset;font-style:normal;color:#f76a0c;-webkit-box-decoration-break:clone;box-decoration-break:clone;padding-top:0px;padding-right:0px;padding-bottom:0px;padding-left:0px;}<\/style>\n<li class=\"wp-block-kadence-listitem kt-svg-icon-list-item-wrap kt-svg-icon-list-item-83_036525-92\"><span class=\"kb-svg-icon-wrap kb-svg-icon-fe_mail kt-svg-icon-list-single\"><svg viewBox=\"0 0 24 24\"  fill=\"none\" stroke=\"currentColor\" stroke-width=\"2\" stroke-linecap=\"round\" stroke-linejoin=\"round\" xmlns=\"http:\/\/www.w3.org\/2000\/svg\"  aria-hidden=\"true\"><path d=\"M4 4h16c1.1 0 2 .9 2 2v12c0 1.1-.9 2-2 2H4c-1.1 0-2-.9-2-2V6c0-1.1.9-2 2-2z\"\/><polyline points=\"22,6 12,13 2,6\"\/><\/svg><\/span><span class=\"kt-svg-icon-list-text\">s\u00e4hk\u00f6posti@s\u00e4hk\u00f6posti.fi<\/span><\/li>\n<\/ul><\/div>\n\n\n<style>.wp-block-kadence-advancedheading.kt-adv-heading83_7346f2-3c, .wp-block-kadence-advancedheading.kt-adv-heading83_7346f2-3c[data-kb-block=\"kb-adv-heading83_7346f2-3c\"]{font-style:normal;}.wp-block-kadence-advancedheading.kt-adv-heading83_7346f2-3c mark.kt-highlight, .wp-block-kadence-advancedheading.kt-adv-heading83_7346f2-3c[data-kb-block=\"kb-adv-heading83_7346f2-3c\"] mark.kt-highlight{font-style:normal;color:#f76a0c;-webkit-box-decoration-break:clone;box-decoration-break:clone;padding-top:0px;padding-right:0px;padding-bottom:0px;padding-left:0px;}.wp-block-kadence-advancedheading.kt-adv-heading83_7346f2-3c img.kb-inline-image, .wp-block-kadence-advancedheading.kt-adv-heading83_7346f2-3c[data-kb-block=\"kb-adv-heading83_7346f2-3c\"] img.kb-inline-image{width:150px;vertical-align:baseline;}<\/style>\n<p class=\"kt-adv-heading83_7346f2-3c wp-block-kadence-advancedheading\" data-kb-block=\"kb-adv-heading83_7346f2-3c\">Lorem ipsum dolor sit amet, consectetur adipiscing elit. Mauris tincidunt vel turpis nec tempus. Ut id bibendum leo. Donec interdum, mi eu lacinia vulputate, turpis sem auctor eros, in vulputate erat arcu nec tortor. Donec tristique auctor egestas. Donec ornare iaculis quam in imperdiet.<\/p>\n<\/div><\/div>\n\n\n<style>.kadence-column83_b664a2-d4 > .kt-inside-inner-col,.kadence-column83_b664a2-d4 > .kt-inside-inner-col:before{border-top-left-radius:0px;border-top-right-radius:0px;border-bottom-right-radius:0px;border-bottom-left-radius:0px;}.kadence-column83_b664a2-d4 > .kt-inside-inner-col{column-gap:var(--global-kb-gap-sm, 1rem);}.kadence-column83_b664a2-d4 > .kt-inside-inner-col{flex-direction:column;}.kadence-column83_b664a2-d4 > .kt-inside-inner-col > .aligncenter{width:100%;}.kadence-column83_b664a2-d4 > .kt-inside-inner-col:before{opacity:0.3;}.kadence-column83_b664a2-d4{position:relative;}@media all and (max-width: 1024px){.kadence-column83_b664a2-d4 > .kt-inside-inner-col{flex-direction:column;justify-content:center;}}@media all and (max-width: 767px){.kadence-column83_b664a2-d4 > .kt-inside-inner-col{flex-direction:column;justify-content:center;}}<\/style>\n<div class=\"wp-block-kadence-column kadence-column83_b664a2-d4\"><div class=\"kt-inside-inner-col\"><style>.kadence-form-83_59d292-7e .kb-form .kadence-blocks-form-field .kb-forms-submit{border-radius:25px;}.kb-form input.kadence-blocks-field.verify{opacity:0.0;position:absolute;top:0.0;left:0.0;width:0.0;height:0.0;z-index:-1;}<\/style>\n<div class=\"wp-block-kadence-form kadence-form-83_59d292-7e kb-form-wrap\"><form class=\"kb-form\" action=\"\" method=\"post\" data-error-message=\"Ole hyv\u00e4 ja korjaa lomakkeen virheet.\"><div class=\"kadence-blocks-form-field kb-field-desk-width-100 kb-input-size-standard\"><label for=\"kb_field_83_59d292-7e_0\">Nimi<span class=\"required\">*<\/span><\/label><input name=\"kb_field_0\" id=\"kb_field_83_59d292-7e_0\" data-label=\"Nimi\" type=\"text\" placeholder=\"\" value=\"\" data-type=\"text\" class=\"kb-field kb-text-style-field kb-text-field kb-field-0\" data-required=\"yes\"\/><\/div><div class=\"kadence-blocks-form-field kb-form-field-1 kb-field-desk-width-100 kb-input-size-standard\"><label for=\"kb_field_83_59d292-7e_1\">S\u00e4hk\u00f6posti<span class=\"required\">*<\/span><\/label><input name=\"kb_field_1\" id=\"kb_field_83_59d292-7e_1\" data-label=\"S\u00e4hk\u00f6posti\" type=\"email\" placeholder=\"\" value=\"\" data-type=\"email\" class=\"kb-field kb-text-style-field kb-email-field kb-field-1\" data-required=\"yes\"\/><\/div><div class=\"kadence-blocks-form-field kb-form-field-2 kb-field-desk-width-100 kb-input-size-standard\"><label for=\"kb_field_83_59d292-7e_2\">Viesti<span class=\"required\">*<\/span><\/label><textarea name=\"kb_field_2\" id=\"kb_field_83_59d292-7e_2\" data-label=\"Viesti\" type=\"textarea\" placeholder=\"\" data-type=\"textarea\" class=\"kb-field kb-text-style-field kb-textarea-field kb-field-2\" rows=\"4\" data-required=\"yes\"><\/textarea><\/div><input type=\"hidden\" name=\"_kb_form_id\" value=\"83_59d292-7e\"\/><input type=\"hidden\" name=\"_kb_form_post_id\" value=\"83\"\/><input type=\"hidden\" name=\"action\" value=\"kb_process_ajax_submit\"\/><label class=\"kadence-verify-label\">Email<input class=\"kadence-blocks-field verify\" type=\"text\" name=\"_kb_verify_email\" autocomplete=\"new-password\" aria-hidden=\"true\" placeholder=\"Email\" tabindex=\"-1\" data-1p-ignore=\"true\" data-lpignore=\"true\" \/><\/label><div class=\"kadence-blocks-form-field kb-submit-field kb-field-desk-width-100\"><button class=\"kb-forms-submit button kb-button-size-standard kb-button-width-full\">L\u00e4het\u00e4<\/button><\/div><\/form><\/div>\n<noscript><div class=\"kadence-blocks-form-message kadence-blocks-form-warning\">Please enable JavaScript in your browser to submit the form<\/div><style>.kadence-form-83_59d292-7e .kadence-blocks-form-field.kb-submit-field { display: none; }<\/style><\/noscript><\/div><\/div>\n\n<\/div><\/div>\n\n<style>.kb-row-layout-id83_e9ad3a-87 > .kt-row-column-wrap{align-content:start;}:where(.kb-row-layout-id83_e9ad3a-87 > .kt-row-column-wrap) > .wp-block-kadence-column{justify-content:start;}.kb-row-layout-id83_e9ad3a-87 > .kt-row-column-wrap{column-gap:var(--global-kb-gap-md, 2rem);row-gap:var(--global-kb-gap-md, 2rem);max-width:var( --global-content-width, 1290px );padding-left:var(--global-content-edge-padding);padding-right:var(--global-content-edge-padding);padding-top:var(--global-kb-spacing-sm, 1.5rem);padding-bottom:var(--global-kb-spacing-xl, 4rem);grid-template-columns:minmax(0, 1fr);}.kb-row-layout-id83_e9ad3a-87 > .kt-row-layout-overlay{opacity:0.30;}@media all and (max-width: 1024px){.kb-row-layout-id83_e9ad3a-87 > .kt-row-column-wrap{grid-template-columns:minmax(0, 1fr);}}@media all and (max-width: 767px){.kb-row-layout-id83_e9ad3a-87 > .kt-row-column-wrap{grid-template-columns:minmax(0, 1fr);}}<\/style><div class=\"kb-row-layout-wrap kb-row-layout-id83_e9ad3a-87 alignfull wp-block-kadence-rowlayout\"><div class=\"kt-row-column-wrap kt-has-1-columns kt-row-layout-equal kt-tab-layout-inherit kt-mobile-layout-row kt-row-valign-top kb-theme-content-width\">\n<style>.kadence-column83_d5a014-46 > .kt-inside-inner-col,.kadence-column83_d5a014-46 > .kt-inside-inner-col:before{border-top-left-radius:0px;border-top-right-radius:0px;border-bottom-right-radius:0px;border-bottom-left-radius:0px;}.kadence-column83_d5a014-46 > .kt-inside-inner-col{column-gap:var(--global-kb-gap-sm, 1rem);}.kadence-column83_d5a014-46 > .kt-inside-inner-col{flex-direction:column;}.kadence-column83_d5a014-46 > .kt-inside-inner-col > .aligncenter{width:100%;}.kadence-column83_d5a014-46 > .kt-inside-inner-col:before{opacity:0.3;}.kadence-column83_d5a014-46{position:relative;}@media all and (max-width: 1024px){.kadence-column83_d5a014-46 > .kt-inside-inner-col{flex-direction:column;justify-content:center;}}@media all and (max-width: 767px){.kadence-column83_d5a014-46 > .kt-inside-inner-col{flex-direction:column;justify-content:center;}}<\/style>\n<div class=\"wp-block-kadence-column kadence-column83_d5a014-46\"><div class=\"kt-inside-inner-col\"><style>.kb-google-maps-container83_aa30c3-39{height:450px;}<\/style><div class=\"kb-google-maps-container kb-google-maps-container83_aa30c3-39  wp-block-kadence-googlemaps\" data-mapid=\"83_aa30c339\"><iframe width=\"100%\" height=\"100%\"\n\t\t\t\t\t\t\tstyle=\"border:0\" loading=\"lazy\"\n\t\t\t\t\t\t\tsrc=\"https:\/\/www.google.com\/maps\/embed\/v1\/place?key=AIzaSyBAM2o7PiQqwk15LC1XRH2e_KJ-jUa7KYk&#038;zoom=13&#038;maptype=roadmap&#038;q=Helsinki\"\n\t\t\t\t\t\t\ttitle=\"Google map of Helsinki\"><\/iframe><\/div><script>function kb_google_map83_aa30c339() { let center = { lat: 37.8201, lng: -122.4781}; let map = new google.maps.Map(document.getElementById(\"kb-google-map83_aa30c339\"), {\n\t\t\t\t\t    zoom: 13,\n\t\t\t\t\t    center: center,});let marker = new google.maps.Marker({   position: { lat: 37.8201, lng: -122.4781},    map: map,  });}<\/script><\/div><\/div>\n\n<\/div><\/div>\n\n\n<p><\/p>\n","protected":false},"excerpt":{"rendered":"<p>Yhteystiedot Yrityksen nimi Lorem ipsum dolor sit amet, consectetur adipiscing elit. Mauris tincidunt vel turpis nec tempus. Ut id bibendum leo. Donec interdum, mi eu lacinia vulputate, turpis sem auctor eros, in vulputate erat arcu nec tortor. Donec tristique auctor egestas. Donec ornare iaculis quam in imperdiet.<\/p>\n","protected":false},"author":2,"featured_media":0,"parent":0,"menu_order":0,"comment_status":"closed","ping_status":"closed","template":"","meta":{"_kad_post_transparent":"","_kad_post_title":"","_kad_post_layout":"","_kad_post_sidebar_id":"","_kad_post_content_style":"","_kad_post_vertical_padding":"hide","_kad_post_feature":"","_kad_post_feature_position":"","_kad_post_header":false,"_kad_post_footer":false,"_kad_post_classname":"","footnotes":""},"class_list":["post-83","page","type-page","status-publish","hentry"],"_links":{"self":[{"href":"https:\/\/demot.mkteemat.com\/lempi\/wp-json\/wp\/v2\/pages\/83","targetHints":{"allow":["GET"]}}],"collection":[{"href":"https:\/\/demot.mkteemat.com\/lempi\/wp-json\/wp\/v2\/pages"}],"about":[{"href":"https:\/\/demot.mkteemat.com\/lempi\/wp-json\/wp\/v2\/types\/page"}],"author":[{"embeddable":true,"href":"https:\/\/demot.mkteemat.com\/lempi\/wp-json\/wp\/v2\/users\/2"}],"replies":[{"embeddable":true,"href":"https:\/\/demot.mkteemat.com\/lempi\/wp-json\/wp\/v2\/comments?post=83"}],"version-history":[{"count":3,"href":"https:\/\/demot.mkteemat.com\/lempi\/wp-json\/wp\/v2\/pages\/83\/revisions"}],"predecessor-version":[{"id":765,"href":"https:\/\/demot.mkteemat.com\/lempi\/wp-json\/wp\/v2\/pages\/83\/revisions\/765"}],"wp:attachment":[{"href":"https:\/\/demot.mkteemat.com\/lempi\/wp-json\/wp\/v2\/media?parent=83"}],"curies":[{"name":"wp","href":"https:\/\/api.w.org\/{rel}","templated":true}]}}