{"id":407,"date":"2024-09-09T06:18:55","date_gmt":"2024-09-09T06:18:55","guid":{"rendered":"https:\/\/lempi.mkteemat.fi\/?page_id=407"},"modified":"2024-10-03T11:32:46","modified_gmt":"2024-10-03T08:32:46","slug":"linkit","status":"publish","type":"page","link":"https:\/\/demot.mkteemat.com\/lempi\/linkit\/","title":{"rendered":"Linkit"},"content":{"rendered":"<style>.kb-row-layout-id407_fde702-86 > .kt-row-column-wrap{align-content:start;}:where(.kb-row-layout-id407_fde702-86 > .kt-row-column-wrap) > .wp-block-kadence-column{justify-content:start;}.kb-row-layout-id407_fde702-86 > .kt-row-column-wrap{column-gap:var(--global-kb-gap-md, 2rem);row-gap:var(--global-kb-gap-md, 2rem);max-width:var( --global-content-width, 1290px );padding-left:var(--global-content-edge-padding);padding-right:var(--global-content-edge-padding);padding-top:var(--global-kb-spacing-lg, 3rem);padding-right:var(--global-kb-spacing-5xl, 10rem);padding-bottom:var(--global-kb-spacing-lg, 3rem);padding-left:var(--global-kb-spacing-5xl, 10rem);grid-template-columns:minmax(0, 1fr);}.kb-row-layout-id407_fde702-86{background-image:url('https:\/\/demot.mkteemat.com\/lempi\/wp-content\/uploads\/sites\/2\/2024\/09\/kuva-20.jpg');background-size:cover;background-position:center center;background-attachment:scroll;background-repeat:no-repeat;}.kb-row-layout-id407_fde702-86 > .kt-row-layout-overlay{opacity:0.30;background-color:var(--global-palette1, #3182CE);}@media all and (max-width: 1024px){.kb-row-layout-id407_fde702-86 > .kt-row-column-wrap{padding-right:var(--global-kb-spacing-sm, 1.5rem);padding-left:var(--global-kb-spacing-sm, 1.5rem);grid-template-columns:minmax(0, 1fr);}}@media all and (max-width: 767px){.kb-row-layout-id407_fde702-86 > .kt-row-column-wrap{padding-right:var(--global-kb-spacing-sm, 1.5rem);padding-left:var(--global-kb-spacing-sm, 1.5rem);grid-template-columns:minmax(0, 1fr);}}<\/style><div class=\"kb-row-layout-wrap kb-row-layout-id407_fde702-86 alignfull kt-row-has-bg wp-block-kadence-rowlayout\"><div class=\"kt-row-layout-overlay kt-row-overlay-normal\"><\/div><div class=\"kt-row-column-wrap kt-has-1-columns kt-row-layout-equal kt-tab-layout-inherit kt-mobile-layout-row kt-row-valign-top kb-theme-content-width\">\n<style>.kadence-column407_d68983-22 > .kt-inside-inner-col{display:flex;}.kadence-column407_d68983-22 > .kt-inside-inner-col{padding-top:var(--global-kb-spacing-md, 2rem);padding-right:var(--global-kb-spacing-3xl, 6.5rem);padding-bottom:var(--global-kb-spacing-md, 2rem);padding-left:var(--global-kb-spacing-3xl, 6.5rem);}.kadence-column407_d68983-22 > .kt-inside-inner-col,.kadence-column407_d68983-22 > .kt-inside-inner-col:before{border-top-left-radius:0px;border-top-right-radius:0px;border-bottom-right-radius:0px;border-bottom-left-radius:0px;}.kadence-column407_d68983-22 > .kt-inside-inner-col{column-gap:var(--global-kb-gap-sm, 1rem);}.kadence-column407_d68983-22 > .kt-inside-inner-col{flex-direction:column;align-items:center;}.kadence-column407_d68983-22 > .kt-inside-inner-col > .kb-image-is-ratio-size{align-self:stretch;}.kadence-column407_d68983-22 > .kt-inside-inner-col > .wp-block-kadence-advancedgallery{align-self:stretch;}.kadence-column407_d68983-22 > .kt-inside-inner-col > .aligncenter{width:100%;}.kadence-column407_d68983-22 > .kt-inside-inner-col{background-color:var(--global-palette9, #ffffff);}.kadence-column407_d68983-22 > .kt-inside-inner-col:before{opacity:0.3;}.kadence-column407_d68983-22{position:relative;}.kadence-column407_d68983-22, .kt-inside-inner-col > .kadence-column407_d68983-22:not(.specificity){margin-right:var(--global-kb-spacing-5xl, 10rem);margin-left:var(--global-kb-spacing-5xl, 10rem);}@media all and (max-width: 1024px){.kadence-column407_d68983-22 > .kt-inside-inner-col{padding-right:var(--global-kb-spacing-xl, 4rem);padding-left:var(--global-kb-spacing-xl, 4rem);flex-direction:column;justify-content:center;align-items:center;}}@media all and (max-width: 1024px){.kadence-column407_d68983-22, .kt-inside-inner-col > .kadence-column407_d68983-22:not(.specificity){margin-right:var(--global-kb-spacing-3xl, 6.5rem);margin-left:var(--global-kb-spacing-3xl, 6.5rem);}}@media all and (max-width: 767px){.kadence-column407_d68983-22 > .kt-inside-inner-col{padding-right:var(--global-kb-spacing-sm, 1.5rem);padding-left:var(--global-kb-spacing-sm, 1.5rem);flex-direction:column;justify-content:center;align-items:center;}.kadence-column407_d68983-22, .kt-inside-inner-col > .kadence-column407_d68983-22:not(.specificity){margin-right:0px;margin-left:0px;}}<\/style>\n<div class=\"wp-block-kadence-column kadence-column407_d68983-22\"><div class=\"kt-inside-inner-col\"><div style=\"margin-top:var(--wp--preset--spacing--50);margin-bottom:var(--wp--preset--spacing--50);\" class=\"is-default-size wp-block-site-logo\"><img loading=\"lazy\" decoding=\"async\" width=\"500\" height=\"182\" src=\"https:\/\/demot.mkteemat.com\/lempi\/wp-content\/uploads\/sites\/2\/2024\/09\/cropped-logo.png\" class=\"custom-logo\" alt=\"Lempi\" srcset=\"https:\/\/demot.mkteemat.com\/lempi\/wp-content\/uploads\/sites\/2\/2024\/09\/cropped-logo.png 500w, https:\/\/demot.mkteemat.com\/lempi\/wp-content\/uploads\/sites\/2\/2024\/09\/cropped-logo-300x109.png 300w\" sizes=\"auto, (max-width: 500px) 100vw, 500px\" \/><\/div>\n\n<style>.wp-block-kadence-advancedbtn.kb-btns407_27b97b-8e{gap:var(--global-kb-gap-sm, 1rem);flex-direction:column;align-items:center;justify-content:center;}.kt-btns407_27b97b-8e .kt-button{font-weight:normal;font-style:normal;}.kt-btns407_27b97b-8e .kt-btn-wrap-0{margin-right:5px;}.wp-block-kadence-advancedbtn.kt-btns407_27b97b-8e .kt-btn-wrap-0 .kt-button{color:#555555;border-color:#555555;}.wp-block-kadence-advancedbtn.kt-btns407_27b97b-8e .kt-btn-wrap-0 .kt-button:hover, .wp-block-kadence-advancedbtn.kt-btns407_27b97b-8e .kt-btn-wrap-0 .kt-button:focus{color:#ffffff;border-color:#444444;}.wp-block-kadence-advancedbtn.kt-btns407_27b97b-8e .kt-btn-wrap-0 .kt-button::before{display:none;}.wp-block-kadence-advancedbtn.kt-btns407_27b97b-8e .kt-btn-wrap-0 .kt-button:hover, .wp-block-kadence-advancedbtn.kt-btns407_27b97b-8e .kt-btn-wrap-0 .kt-button:focus{background:#444444;}@media all and (max-width: 1024px){.wp-block-kadence-advancedbtn.kb-btns407_27b97b-8e{gap:var(--global-kb-gap-sm, 1rem);}}@media all and (max-width: 767px){.wp-block-kadence-advancedbtn.kb-btns407_27b97b-8e{gap:var(--global-kb-gap-sm, 1rem);}}<\/style>\n<div class=\"wp-block-kadence-advancedbtn kb-buttons-wrap kb-btns407_27b97b-8e\"><style>ul.menu .wp-block-kadence-advancedbtn .kb-btn407_6368bc-2d.kb-button{width:initial;}<\/style><a class=\"kb-button kt-button button kb-btn407_6368bc-2d kt-btn-size-standard kt-btn-width-type-full kb-btn-global-inherit  kt-btn-has-text-true kt-btn-has-svg-false  wp-block-button__link wp-block-kadence-singlebtn\" href=\"https:\/\/demot.mkteemat.com\/lempi\/myyntisivu\/\"><span class=\"kt-btn-inner-text\">Lue lis\u00e4\u00e4 ryhm\u00e4valmennuksesta<\/span><\/a>\n\n<style>ul.menu .wp-block-kadence-advancedbtn .kb-btn407_51f1c5-8a.kb-button{width:initial;}<\/style><a class=\"kb-button kt-button button kb-btn407_51f1c5-8a kt-btn-size-standard kt-btn-width-type-full kb-btn-global-inherit  kt-btn-has-text-true kt-btn-has-svg-false  wp-block-button__link wp-block-kadence-singlebtn\" href=\"https:\/\/demot.mkteemat.com\/lempi\/palvelut\/\"><span class=\"kt-btn-inner-text\">Tutustu palveluihini<\/span><\/a>\n\n<style>ul.menu .wp-block-kadence-advancedbtn .kb-btn407_dd41b0-03.kb-button{width:initial;}<\/style><a class=\"kb-button kt-button button kb-btn407_dd41b0-03 kt-btn-size-standard kt-btn-width-type-full kb-btn-global-inherit  kt-btn-has-text-true kt-btn-has-svg-false  wp-block-button__link wp-block-kadence-singlebtn\" href=\"https:\/\/demot.mkteemat.com\/lempi\/kuka-olen\/\"><span class=\"kt-btn-inner-text\">Kuka olen<\/span><\/a>\n\n<style>ul.menu .wp-block-kadence-advancedbtn .kb-btn407_937133-4f.kb-button{width:initial;}<\/style><a class=\"kb-button kt-button button kb-btn407_937133-4f kt-btn-size-standard kt-btn-width-type-full kb-btn-global-inherit  kt-btn-has-text-true kt-btn-has-svg-false  wp-block-button__link wp-block-kadence-singlebtn\" href=\"https:\/\/demot.mkteemat.com\/lempi\/kauppa\/\"><span class=\"kt-btn-inner-text\">T\u00e4st\u00e4 verkkokauppaani<\/span><\/a>\n\n<style>ul.menu .wp-block-kadence-advancedbtn .kb-btn407_43888b-38.kb-button{width:initial;}<\/style><a class=\"kb-button kt-button button kb-btn407_43888b-38 kt-btn-size-standard kt-btn-width-type-full kb-btn-global-inherit  kt-btn-has-text-true kt-btn-has-svg-false  wp-block-button__link wp-block-kadence-singlebtn\" href=\"https:\/\/demot.mkteemat.com\/lempi\/yhteystiedot\/\"><span class=\"kt-btn-inner-text\">Ota yhteytt\u00e4<\/span><\/a><\/div>\n\n\n<style>.wp-block-kadence-advancedheading.kt-adv-heading407_4721df-c3, .wp-block-kadence-advancedheading.kt-adv-heading407_4721df-c3[data-kb-block=\"kb-adv-heading407_4721df-c3\"]{font-size:var(--global-kb-font-size-lg, 2rem);font-style:normal;}.wp-block-kadence-advancedheading.kt-adv-heading407_4721df-c3 mark.kt-highlight, .wp-block-kadence-advancedheading.kt-adv-heading407_4721df-c3[data-kb-block=\"kb-adv-heading407_4721df-c3\"] mark.kt-highlight{font-style:normal;color:#f76a0c;-webkit-box-decoration-break:clone;box-decoration-break:clone;padding-top:0px;padding-right:0px;padding-bottom:0px;padding-left:0px;}.wp-block-kadence-advancedheading.kt-adv-heading407_4721df-c3 img.kb-inline-image, .wp-block-kadence-advancedheading.kt-adv-heading407_4721df-c3[data-kb-block=\"kb-adv-heading407_4721df-c3\"] img.kb-inline-image{width:150px;vertical-align:baseline;}<\/style>\n<h2 class=\"kt-adv-heading407_4721df-c3 wp-block-kadence-advancedheading\" data-kb-block=\"kb-adv-heading407_4721df-c3\">Tilaa ilmainen opas<\/h2>\n\n\n<style>.wp-block-kadence-advancedheading.kt-adv-heading407_5e87c6-c3, .wp-block-kadence-advancedheading.kt-adv-heading407_5e87c6-c3[data-kb-block=\"kb-adv-heading407_5e87c6-c3\"]{text-align:center;font-style:normal;}.wp-block-kadence-advancedheading.kt-adv-heading407_5e87c6-c3 mark.kt-highlight, .wp-block-kadence-advancedheading.kt-adv-heading407_5e87c6-c3[data-kb-block=\"kb-adv-heading407_5e87c6-c3\"] mark.kt-highlight{font-style:normal;color:#f76a0c;-webkit-box-decoration-break:clone;box-decoration-break:clone;padding-top:0px;padding-right:0px;padding-bottom:0px;padding-left:0px;}.wp-block-kadence-advancedheading.kt-adv-heading407_5e87c6-c3 img.kb-inline-image, .wp-block-kadence-advancedheading.kt-adv-heading407_5e87c6-c3[data-kb-block=\"kb-adv-heading407_5e87c6-c3\"] img.kb-inline-image{width:150px;vertical-align:baseline;}<\/style>\n<p class=\"kt-adv-heading407_5e87c6-c3 wp-block-kadence-advancedheading\" data-kb-block=\"kb-adv-heading407_5e87c6-c3\">Lorem ipsum dolor sit amet, consectetur adipiscing elit. Donec nec nulla tellus. Cras nec fringilla nisl. Maecenas vitae risus vel nisi laoreet porttitor ac non nulla. <\/p>\n\n\n<style>.kadence-form-407_4ef1f5-67 .kb-form .kadence-blocks-form-field{margin-bottom:10px;}.kadence-form-407_4ef1f5-67 .kb-form .kadence-blocks-form-field .kb-forms-submit{border-radius:25px;}.kadence-form-407_4ef1f5-67 .kb-form .kadence-blocks-form-field .kb-forms-submit{margin-top:10px;}.kb-form input.kadence-blocks-field.verify{opacity:0.0;position:absolute;top:0.0;left:0.0;width:0.0;height:0.0;z-index:-1;}<\/style>\n<div class=\"wp-block-kadence-form kadence-form-407_4ef1f5-67 kb-form-wrap\"><form class=\"kb-form\" action=\"\" method=\"post\"><div class=\"kadence-blocks-form-field kb-field-desk-width-100 kb-input-size-small\"><label for=\"kb_field_407_4ef1f5-67_0\">Nimi<span class=\"required\">*<\/span><\/label><input name=\"kb_field_0\" id=\"kb_field_407_4ef1f5-67_0\" data-label=\"Nimi\" type=\"text\" placeholder=\"\" value=\"\" data-type=\"text\" class=\"kb-field kb-text-style-field kb-text-field kb-field-0\" data-required=\"yes\"\/><\/div><div class=\"kadence-blocks-form-field kb-form-field-1 kb-field-desk-width-100 kb-input-size-small\"><label for=\"kb_field_407_4ef1f5-67_1\">S\u00e4hk\u00f6posti<span class=\"required\">*<\/span><\/label><input name=\"kb_field_1\" id=\"kb_field_407_4ef1f5-67_1\" data-label=\"S\u00e4hk\u00f6posti\" type=\"email\" placeholder=\"\" value=\"\" data-type=\"email\" class=\"kb-field kb-text-style-field kb-email-field kb-field-1\" data-required=\"yes\"\/><\/div><input type=\"hidden\" name=\"_kb_form_id\" value=\"407_4ef1f5-67\"\/><input type=\"hidden\" name=\"_kb_form_post_id\" value=\"407\"\/><input type=\"hidden\" name=\"action\" value=\"kb_process_ajax_submit\"\/><label class=\"kadence-verify-label\">Email<input class=\"kadence-blocks-field verify\" type=\"text\" name=\"_kb_verify_email\" autocomplete=\"new-password\" aria-hidden=\"true\" placeholder=\"Email\" tabindex=\"-1\" data-1p-ignore=\"true\" data-lpignore=\"true\" \/><\/label><div class=\"kadence-blocks-form-field kb-submit-field kb-field-desk-width-100\"><button class=\"kb-forms-submit button kb-button-size-standard kb-button-width-full\">Kyll\u00e4, tilaan oppaan<\/button><\/div><\/form><\/div>\n<noscript><div class=\"kadence-blocks-form-message kadence-blocks-form-warning\">Please enable JavaScript in your browser to submit the form<\/div><style>.kadence-form-407_4ef1f5-67 .kadence-blocks-form-field.kb-submit-field { display: none; }<\/style><\/noscript><\/div><\/div>\n\n<\/div><\/div>","protected":false},"excerpt":{"rendered":"<p>Tilaa ilmainen opas Lorem ipsum dolor sit amet, consectetur adipiscing elit. Donec nec nulla tellus. Cras nec fringilla nisl. Maecenas vitae risus vel nisi laoreet porttitor ac non nulla.<\/p>\n","protected":false},"author":2,"featured_media":0,"parent":0,"menu_order":0,"comment_status":"closed","ping_status":"closed","template":"","meta":{"_kad_post_transparent":"","_kad_post_title":"","_kad_post_layout":"","_kad_post_sidebar_id":"","_kad_post_content_style":"","_kad_post_vertical_padding":"","_kad_post_feature":"","_kad_post_feature_position":"","_kad_post_header":false,"_kad_post_footer":false,"_kad_post_classname":"","footnotes":""},"class_list":["post-407","page","type-page","status-publish","hentry"],"_links":{"self":[{"href":"https:\/\/demot.mkteemat.com\/lempi\/wp-json\/wp\/v2\/pages\/407","targetHints":{"allow":["GET"]}}],"collection":[{"href":"https:\/\/demot.mkteemat.com\/lempi\/wp-json\/wp\/v2\/pages"}],"about":[{"href":"https:\/\/demot.mkteemat.com\/lempi\/wp-json\/wp\/v2\/types\/page"}],"author":[{"embeddable":true,"href":"https:\/\/demot.mkteemat.com\/lempi\/wp-json\/wp\/v2\/users\/2"}],"replies":[{"embeddable":true,"href":"https:\/\/demot.mkteemat.com\/lempi\/wp-json\/wp\/v2\/comments?post=407"}],"version-history":[{"count":3,"href":"https:\/\/demot.mkteemat.com\/lempi\/wp-json\/wp\/v2\/pages\/407\/revisions"}],"predecessor-version":[{"id":699,"href":"https:\/\/demot.mkteemat.com\/lempi\/wp-json\/wp\/v2\/pages\/407\/revisions\/699"}],"wp:attachment":[{"href":"https:\/\/demot.mkteemat.com\/lempi\/wp-json\/wp\/v2\/media?parent=407"}],"curies":[{"name":"wp","href":"https:\/\/api.w.org\/{rel}","templated":true}]}}