{"id":395,"date":"2023-07-20T04:58:51","date_gmt":"2023-07-20T04:58:51","guid":{"rendered":"https:\/\/helmi.mkteemat.fi\/?page_id=15"},"modified":"2024-10-08T13:16:10","modified_gmt":"2024-10-08T10:16:10","slug":"ota-yhteytta","status":"publish","type":"page","link":"https:\/\/demot.mkteemat.com\/helmi\/ota-yhteytta\/","title":{"rendered":"Ota yhteytt\u00e4"},"content":{"rendered":"<style>.kb-row-layout-id395_0aa296-4c > .kt-row-column-wrap{align-content:start;}:where(.kb-row-layout-id395_0aa296-4c > .kt-row-column-wrap) > .wp-block-kadence-column{justify-content:start;}.kb-row-layout-id395_0aa296-4c > .kt-row-column-wrap{column-gap:var(--global-kb-gap-lg, 4rem);row-gap:var(--global-kb-gap-md, 2rem);max-width:var( --global-content-width, 1200px );padding-left:var(--global-content-edge-padding);padding-right:var(--global-content-edge-padding);padding-top:var(--global-kb-spacing-xxl, 5rem);padding-bottom:var(--global-kb-spacing-xxl, 5rem);grid-template-columns:minmax(0, calc(50% - ((var(--global-kb-gap-lg, 4rem) * 1 )\/2)))minmax(0, calc(50% - ((var(--global-kb-gap-lg, 4rem) * 1 )\/2)));}.kb-row-layout-id395_0aa296-4c{background-image:url('https:\/\/helmi.mkteemat.fi\/wp-content\/uploads\/2023\/07\/wordpress-teema-kuva-4.jpg');background-size:cover;background-position:100% 0%;background-attachment:scroll;background-repeat:no-repeat;}.kb-row-layout-id395_0aa296-4c > .kt-row-layout-overlay{opacity:1;background:linear-gradient(0deg,rgba(255,255,255,0) 2%,var(--global-palette9,#ffffff) 61%);}@media all and (max-width: 1024px){.kb-row-layout-id395_0aa296-4c > .kt-row-column-wrap{grid-template-columns:repeat(2, minmax(0, 1fr));}}@media all and (max-width: 767px){.kb-row-layout-id395_0aa296-4c > .kt-row-column-wrap{grid-template-columns:minmax(0, 1fr);}}<\/style><div class=\"kb-row-layout-wrap kb-row-layout-id395_0aa296-4c alignfull kt-row-has-bg wp-block-kadence-rowlayout\"><div class=\"kt-row-layout-overlay kt-row-overlay-gradient\"><\/div><div class=\"kt-row-column-wrap kt-has-2-columns kt-row-layout-equal kt-tab-layout-inherit kt-mobile-layout-row kt-row-valign-top kb-theme-content-width\">\n<style>.kadence-column395_0e6e88-af > .kt-inside-inner-col,.kadence-column395_0e6e88-af > .kt-inside-inner-col:before{border-top-left-radius:0px;border-top-right-radius:0px;border-bottom-right-radius:0px;border-bottom-left-radius:0px;}.kadence-column395_0e6e88-af > .kt-inside-inner-col{column-gap:var(--global-kb-gap-sm, 1rem);}.kadence-column395_0e6e88-af > .kt-inside-inner-col{flex-direction:column;}.kadence-column395_0e6e88-af > .kt-inside-inner-col > .aligncenter{width:100%;}.kadence-column395_0e6e88-af > .kt-inside-inner-col:before{opacity:0.3;}.kadence-column395_0e6e88-af{position:relative;}@media all and (max-width: 1024px){.kadence-column395_0e6e88-af > .kt-inside-inner-col{flex-direction:column;justify-content:center;}}@media all and (max-width: 767px){.kadence-column395_0e6e88-af > .kt-inside-inner-col{flex-direction:column;justify-content:center;}}<\/style>\n<div class=\"wp-block-kadence-column kadence-column395_0e6e88-af\"><div class=\"kt-inside-inner-col\"><style>.wp-block-kadence-advancedheading.kt-adv-heading395_a968aa-3f, .wp-block-kadence-advancedheading.kt-adv-heading395_a968aa-3f[data-kb-block=\"kb-adv-heading395_a968aa-3f\"]{margin-bottom:var(--global-kb-spacing-sm, 1.5rem);font-style:normal;}.wp-block-kadence-advancedheading.kt-adv-heading395_a968aa-3f mark.kt-highlight, .wp-block-kadence-advancedheading.kt-adv-heading395_a968aa-3f[data-kb-block=\"kb-adv-heading395_a968aa-3f\"] mark.kt-highlight{font-style:normal;color:#f76a0c;-webkit-box-decoration-break:clone;box-decoration-break:clone;padding-top:0px;padding-right:0px;padding-bottom:0px;padding-left:0px;}.wp-block-kadence-advancedheading.kt-adv-heading395_a968aa-3f img.kb-inline-image, .wp-block-kadence-advancedheading.kt-adv-heading395_a968aa-3f[data-kb-block=\"kb-adv-heading395_a968aa-3f\"] img.kb-inline-image{width:150px;vertical-align:baseline;}<\/style>\n<h2 class=\"kt-adv-heading395_a968aa-3f wp-block-kadence-advancedheading has-theme-palette-3-color has-text-color\" data-kb-block=\"kb-adv-heading395_a968aa-3f\">Yhteystiedot<\/h2>\n\n\n<style>.wp-block-kadence-iconlist.kt-svg-icon-list-items395_8fda33-2a:not(.this-stops-third-party-issues){margin-top:0px;margin-bottom:0px;}.wp-block-kadence-iconlist.kt-svg-icon-list-items395_8fda33-2a ul.kt-svg-icon-list:not(.this-prevents-issues):not(.this-stops-third-party-issues):not(.tijsloc){margin-top:0px;margin-right:0px;margin-bottom:var(--global-kb-spacing-sm, 1.5rem);margin-left:0px;}.wp-block-kadence-iconlist.kt-svg-icon-list-items395_8fda33-2a ul.kt-svg-icon-list{grid-row-gap:5px;}.wp-block-kadence-iconlist.kt-svg-icon-list-items395_8fda33-2a .kb-svg-icon-wrap{font-size:24px;color:var(--global-palette3, #1A202C);}.wp-block-kadence-iconlist.kt-svg-icon-list-items395_8fda33-2a ul.kt-svg-icon-list .kt-svg-icon-list-item-wrap .kt-svg-icon-list-single{margin-right:10px;}.kt-svg-icon-list-items395_8fda33-2a ul.kt-svg-icon-list .kt-svg-icon-list-item-wrap, .kt-svg-icon-list-items395_8fda33-2a ul.kt-svg-icon-list .kt-svg-icon-list-item-wrap a{color:var(--global-palette3, #1A202C);color:var(--global-palette3, #1A202C);}.kt-svg-icon-list-items395_8fda33-2a ul.kt-svg-icon-list .kt-svg-icon-list-level-0 .kt-svg-icon-list-single svg{font-size:20px;}<\/style>\n<div class=\"wp-block-kadence-iconlist kt-svg-icon-list-items kt-svg-icon-list-items395_8fda33-2a kt-svg-icon-list-columns-1 alignnone\"><ul class=\"kt-svg-icon-list\"><style>.kt-svg-icon-list-item-395_cac8a1-21 .kt-svg-icon-list-text mark.kt-highlight{background-color:unset;font-style:normal;color:#f76a0c;-webkit-box-decoration-break:clone;box-decoration-break:clone;padding-top:0px;padding-right:0px;padding-bottom:0px;padding-left:0px;}<\/style>\n<li class=\"wp-block-kadence-listitem kt-svg-icon-list-item-wrap kt-svg-icon-list-item-395_cac8a1-21\"><span class=\"kb-svg-icon-wrap kb-svg-icon-fe_phone kt-svg-icon-list-single\"><svg viewBox=\"0 0 24 24\"  fill=\"none\" stroke=\"currentColor\" stroke-width=\"1.5\" stroke-linecap=\"round\" stroke-linejoin=\"round\" xmlns=\"http:\/\/www.w3.org\/2000\/svg\"  aria-hidden=\"true\"><path d=\"M22 16.92v3a2 2 0 0 1-2.18 2 19.79 19.79 0 0 1-8.63-3.07 19.5 19.5 0 0 1-6-6 19.79 19.79 0 0 1-3.07-8.67A2 2 0 0 1 4.11 2h3a2 2 0 0 1 2 1.72 12.84 12.84 0 0 0 .7 2.81 2 2 0 0 1-.45 2.11L8.09 9.91a16 16 0 0 0 6 6l1.27-1.27a2 2 0 0 1 2.11-.45 12.84 12.84 0 0 0 2.81.7A2 2 0 0 1 22 16.92z\"\/><\/svg><\/span><span class=\"kt-svg-icon-list-text\">+358 12 345 6789<\/span><\/li>\n\n\n<style>.kt-svg-icon-list-item-395_ebd623-07 .kt-svg-icon-list-text mark.kt-highlight{background-color:unset;font-style:normal;color:#f76a0c;-webkit-box-decoration-break:clone;box-decoration-break:clone;padding-top:0px;padding-right:0px;padding-bottom:0px;padding-left:0px;}<\/style>\n<li class=\"wp-block-kadence-listitem kt-svg-icon-list-item-wrap kt-svg-icon-list-item-395_ebd623-07\"><span class=\"kb-svg-icon-wrap kb-svg-icon-fe_mail kt-svg-icon-list-single\"><svg viewBox=\"0 0 24 24\"  fill=\"none\" stroke=\"currentColor\" stroke-width=\"1.5\" stroke-linecap=\"round\" stroke-linejoin=\"round\" xmlns=\"http:\/\/www.w3.org\/2000\/svg\"  aria-hidden=\"true\"><path d=\"M4 4h16c1.1 0 2 .9 2 2v12c0 1.1-.9 2-2 2H4c-1.1 0-2-.9-2-2V6c0-1.1.9-2 2-2z\"\/><polyline points=\"22,6 12,13 2,6\"\/><\/svg><\/span><span class=\"kt-svg-icon-list-text\">helmi@sahkoposti.com<\/span><\/li>\n\n\n<style>.kt-svg-icon-list-item-395_f1e98e-59 .kt-svg-icon-list-text mark.kt-highlight{background-color:unset;font-style:normal;color:#f76a0c;-webkit-box-decoration-break:clone;box-decoration-break:clone;padding-top:0px;padding-right:0px;padding-bottom:0px;padding-left:0px;}<\/style>\n<li class=\"wp-block-kadence-listitem kt-svg-icon-list-item-wrap kt-svg-icon-list-item-395_f1e98e-59\"><span class=\"kb-svg-icon-wrap kb-svg-icon-fe_mapPin kt-svg-icon-list-single\"><svg viewBox=\"0 0 24 24\"  fill=\"none\" stroke=\"currentColor\" stroke-width=\"1.5\" stroke-linecap=\"round\" stroke-linejoin=\"round\" xmlns=\"http:\/\/www.w3.org\/2000\/svg\"  aria-hidden=\"true\"><path d=\"M21 10c0 7-9 13-9 13s-9-6-9-13a9 9 0 0 1 18 0z\"\/><circle cx=\"12\" cy=\"10\" r=\"3\"\/><\/svg><\/span><span class=\"kt-svg-icon-list-text\">H\u00e4meentie 1, 12345 Kaupunki<\/span><\/li>\n<\/ul><\/div>\n\n\n<style>.wp-block-kadence-advancedheading.kt-adv-heading395_5903c7-bc, .wp-block-kadence-advancedheading.kt-adv-heading395_5903c7-bc[data-kb-block=\"kb-adv-heading395_5903c7-bc\"]{margin-bottom:var(--global-kb-spacing-sm, 1.5rem);font-style:normal;}.wp-block-kadence-advancedheading.kt-adv-heading395_5903c7-bc mark.kt-highlight, .wp-block-kadence-advancedheading.kt-adv-heading395_5903c7-bc[data-kb-block=\"kb-adv-heading395_5903c7-bc\"] mark.kt-highlight{font-style:normal;color:#f76a0c;-webkit-box-decoration-break:clone;box-decoration-break:clone;padding-top:0px;padding-right:0px;padding-bottom:0px;padding-left:0px;}.wp-block-kadence-advancedheading.kt-adv-heading395_5903c7-bc img.kb-inline-image, .wp-block-kadence-advancedheading.kt-adv-heading395_5903c7-bc[data-kb-block=\"kb-adv-heading395_5903c7-bc\"] img.kb-inline-image{width:150px;vertical-align:baseline;}<\/style>\n<h2 class=\"kt-adv-heading395_5903c7-bc wp-block-kadence-advancedheading has-theme-palette-3-color has-text-color\" data-kb-block=\"kb-adv-heading395_5903c7-bc\">Seuraa meit\u00e4 somessa<\/h2>\n\n\n<style>.kt-svg-icons395_e29146-5a .kt-svg-item-0 .kb-svg-icon-wrap{color:var(--global-palette4, #2D3748);font-size:50px;}.wp-block-kadence-icon.kt-svg-icons395_e29146-5a{justify-content:flex-start;gap:var(--global-kb-gap-sm, 1rem);}<\/style>\n<div class=\"wp-block-kadence-icon kt-svg-icons kt-svg-icons395_e29146-5a alignnone\"><style>.kt-svg-item-395_05fe15-37 .kb-svg-icon-wrap, .kt-svg-style-stacked.kt-svg-item-395_05fe15-37 .kb-svg-icon-wrap{color:var(--global-palette3, #1A202C);font-size:26px;}<\/style>\n<div class=\"wp-block-kadence-single-icon kt-svg-style-default kt-svg-icon-wrap kt-svg-item-395_05fe15-37\"><span class=\"kb-svg-icon-wrap kb-svg-icon-fa_facebook-f\"><svg viewBox=\"0 0 320 512\"  fill=\"currentColor\" xmlns=\"http:\/\/www.w3.org\/2000\/svg\"  aria-hidden=\"true\"><path d=\"M279.14 288l14.22-92.66h-88.91v-60.13c0-25.35 12.42-50.06 52.24-50.06h40.42V6.26S260.43 0 225.36 0c-73.22 0-121.08 44.38-121.08 124.72v70.62H22.89V288h81.39v224h100.17V288z\"\/><\/svg><\/span><\/div>\n\n\n<style>.kt-svg-item-395_2c527b-06 .kb-svg-icon-wrap, .kt-svg-style-stacked.kt-svg-item-395_2c527b-06 .kb-svg-icon-wrap{color:var(--global-palette3, #1A202C);font-size:32px;}<\/style>\n<div class=\"wp-block-kadence-single-icon kt-svg-style-default kt-svg-icon-wrap kt-svg-item-395_2c527b-06\"><span class=\"kb-svg-icon-wrap kb-svg-icon-fa_instagram\"><svg viewBox=\"0 0 448 512\"  fill=\"currentColor\" xmlns=\"http:\/\/www.w3.org\/2000\/svg\"  aria-hidden=\"true\"><path d=\"M224.1 141c-63.6 0-114.9 51.3-114.9 114.9s51.3 114.9 114.9 114.9S339 319.5 339 255.9 287.7 141 224.1 141zm0 189.6c-41.1 0-74.7-33.5-74.7-74.7s33.5-74.7 74.7-74.7 74.7 33.5 74.7 74.7-33.6 74.7-74.7 74.7zm146.4-194.3c0 14.9-12 26.8-26.8 26.8-14.9 0-26.8-12-26.8-26.8s12-26.8 26.8-26.8 26.8 12 26.8 26.8zm76.1 27.2c-1.7-35.9-9.9-67.7-36.2-93.9-26.2-26.2-58-34.4-93.9-36.2-37-2.1-147.9-2.1-184.9 0-35.8 1.7-67.6 9.9-93.9 36.1s-34.4 58-36.2 93.9c-2.1 37-2.1 147.9 0 184.9 1.7 35.9 9.9 67.7 36.2 93.9s58 34.4 93.9 36.2c37 2.1 147.9 2.1 184.9 0 35.9-1.7 67.7-9.9 93.9-36.2 26.2-26.2 34.4-58 36.2-93.9 2.1-37 2.1-147.8 0-184.8zM398.8 388c-7.8 19.6-22.9 34.7-42.6 42.6-29.5 11.7-99.5 9-132.1 9s-102.7 2.6-132.1-9c-19.6-7.8-34.7-22.9-42.6-42.6-11.7-29.5-9-99.5-9-132.1s-2.6-102.7 9-132.1c7.8-19.6 22.9-34.7 42.6-42.6 29.5-11.7 99.5-9 132.1-9s102.7-2.6 132.1 9c19.6 7.8 34.7 22.9 42.6 42.6 11.7 29.5 9 99.5 9 132.1s2.7 102.7-9 132.1z\"\/><\/svg><\/span><\/div>\n\n\n<style>.kt-svg-item-395_ef9daa-70 .kb-svg-icon-wrap, .kt-svg-style-stacked.kt-svg-item-395_ef9daa-70 .kb-svg-icon-wrap{color:var(--global-palette3, #1A202C);font-size:32px;}<\/style>\n<div class=\"wp-block-kadence-single-icon kt-svg-style-default kt-svg-icon-wrap kt-svg-item-395_ef9daa-70\"><span class=\"kb-svg-icon-wrap kb-svg-icon-fa_linkedin\"><svg viewBox=\"0 0 448 512\"  fill=\"currentColor\" xmlns=\"http:\/\/www.w3.org\/2000\/svg\"  aria-hidden=\"true\"><path d=\"M416 32H31.9C14.3 32 0 46.5 0 64.3v383.4C0 465.5 14.3 480 31.9 480H416c17.6 0 32-14.5 32-32.3V64.3c0-17.8-14.4-32.3-32-32.3zM135.4 416H69V202.2h66.5V416zm-33.2-243c-21.3 0-38.5-17.3-38.5-38.5S80.9 96 102.2 96c21.2 0 38.5 17.3 38.5 38.5 0 21.3-17.2 38.5-38.5 38.5zm282.1 243h-66.4V312c0-24.8-.5-56.7-34.5-56.7-34.6 0-39.9 27-39.9 54.9V416h-66.4V202.2h63.7v29.2h.9c8.9-16.8 30.6-34.5 62.9-34.5 67.2 0 79.7 44.3 79.7 101.9V416z\"\/><\/svg><\/span><\/div>\n<\/div>\n<\/div><\/div>\n\n\n<style>.kadence-column395_0bd32c-2c > .kt-inside-inner-col,.kadence-column395_0bd32c-2c > .kt-inside-inner-col:before{border-top-left-radius:0px;border-top-right-radius:0px;border-bottom-right-radius:0px;border-bottom-left-radius:0px;}.kadence-column395_0bd32c-2c > .kt-inside-inner-col{column-gap:var(--global-kb-gap-sm, 1rem);}.kadence-column395_0bd32c-2c > .kt-inside-inner-col{flex-direction:column;}.kadence-column395_0bd32c-2c > .kt-inside-inner-col > .aligncenter{width:100%;}.kadence-column395_0bd32c-2c > .kt-inside-inner-col:before{opacity:0.3;}.kadence-column395_0bd32c-2c{position:relative;}@media all and (max-width: 1024px){.kadence-column395_0bd32c-2c > .kt-inside-inner-col{flex-direction:column;justify-content:center;}}@media all and (max-width: 767px){.kadence-column395_0bd32c-2c > .kt-inside-inner-col{flex-direction:column;justify-content:center;}}<\/style>\n<div class=\"wp-block-kadence-column kadence-column395_0bd32c-2c\"><div class=\"kt-inside-inner-col\"><style>.kb-google-maps-container395_ee3806-b5{height:450px;}<\/style><div class=\"kb-google-maps-container kb-google-maps-container395_ee3806-b5  wp-block-kadence-googlemaps\" data-mapid=\"395_ee3806b5\"><iframe width=\"100%\" height=\"100%\"\n\t\t\t\t\t\t\tstyle=\"border:0\" loading=\"lazy\"\n\t\t\t\t\t\t\tsrc=\"https:\/\/www.google.com\/maps\/embed\/v1\/place?key=AIzaSyBAM2o7PiQqwk15LC1XRH2e_KJ-jUa7KYk&#038;zoom=12&#038;maptype=roadmap&#038;q=Helsinki\"\n\t\t\t\t\t\t\ttitle=\"Google map of Helsinki\"><\/iframe><\/div><script>function kb_google_map395_ee3806b5() { let center = { lat: 37.8201, lng: -122.4781}; let map = new google.maps.Map(document.getElementById(\"kb-google-map395_ee3806b5\"), {\n\t\t\t\t\t    zoom: 12,\n\t\t\t\t\t    center: center,});let marker = new google.maps.Marker({   position: { lat: 37.8201, lng: -122.4781},    map: map,  });}<\/script><\/div><\/div>\n\n<\/div><\/div>\n\n<style>.kb-row-layout-id395_9f3a09-d4 > .kt-row-column-wrap{align-content:start;}:where(.kb-row-layout-id395_9f3a09-d4 > .kt-row-column-wrap) > .wp-block-kadence-column{justify-content:start;}.kb-row-layout-id395_9f3a09-d4 > .kt-row-column-wrap{column-gap:var(--global-kb-gap-lg, 4rem);row-gap:var(--global-kb-gap-md, 2rem);max-width:var( --global-content-width, 1200px );padding-left:var(--global-content-edge-padding);padding-right:var(--global-content-edge-padding);padding-top:var(--global-kb-spacing-xxl, 5rem);padding-bottom:var(--global-kb-spacing-xxl, 5rem);grid-template-columns:minmax(0, calc(50% - ((var(--global-kb-gap-lg, 4rem) * 1 )\/2)))minmax(0, calc(50% - ((var(--global-kb-gap-lg, 4rem) * 1 )\/2)));}.kb-row-layout-id395_9f3a09-d4{background-color:rgba(163,110,82,0.2);}.kb-row-layout-id395_9f3a09-d4 > .kt-row-layout-overlay{opacity:0.40;}@media all and (max-width: 1024px){.kb-row-layout-id395_9f3a09-d4 > .kt-row-column-wrap{grid-template-columns:repeat(2, minmax(0, 1fr));}}@media all and (max-width: 767px){.kb-row-layout-id395_9f3a09-d4 > .kt-row-column-wrap{grid-template-columns:minmax(0, 1fr);}}<\/style><div class=\"kb-row-layout-wrap kb-row-layout-id395_9f3a09-d4 alignfull kt-row-has-bg wp-block-kadence-rowlayout\"><div class=\"kt-row-column-wrap kt-has-2-columns kt-row-layout-equal kt-tab-layout-inherit kt-mobile-layout-row kt-row-valign-top kb-theme-content-width\">\n<style>.kadence-column395_02228d-2d > .kt-inside-inner-col,.kadence-column395_02228d-2d > .kt-inside-inner-col:before{border-top-left-radius:0px;border-top-right-radius:0px;border-bottom-right-radius:0px;border-bottom-left-radius:0px;}.kadence-column395_02228d-2d > .kt-inside-inner-col{column-gap:var(--global-kb-gap-sm, 1rem);}.kadence-column395_02228d-2d > .kt-inside-inner-col{flex-direction:column;}.kadence-column395_02228d-2d > .kt-inside-inner-col > .aligncenter{width:100%;}.kadence-column395_02228d-2d > .kt-inside-inner-col:before{opacity:0.3;}.kadence-column395_02228d-2d{position:relative;}@media all and (max-width: 1024px){.kadence-column395_02228d-2d > .kt-inside-inner-col{flex-direction:column;justify-content:center;}}@media all and (max-width: 767px){.kadence-column395_02228d-2d > .kt-inside-inner-col{flex-direction:column;justify-content:center;}}<\/style>\n<div class=\"wp-block-kadence-column kadence-column395_02228d-2d\"><div class=\"kt-inside-inner-col\"><style>.wp-block-kadence-advancedheading.kt-adv-heading395_206d59-98, .wp-block-kadence-advancedheading.kt-adv-heading395_206d59-98[data-kb-block=\"kb-adv-heading395_206d59-98\"]{margin-bottom:var(--global-kb-spacing-sm, 1.5rem);font-style:normal;}.wp-block-kadence-advancedheading.kt-adv-heading395_206d59-98 mark.kt-highlight, .wp-block-kadence-advancedheading.kt-adv-heading395_206d59-98[data-kb-block=\"kb-adv-heading395_206d59-98\"] mark.kt-highlight{font-style:normal;color:#f76a0c;-webkit-box-decoration-break:clone;box-decoration-break:clone;padding-top:0px;padding-right:0px;padding-bottom:0px;padding-left:0px;}.wp-block-kadence-advancedheading.kt-adv-heading395_206d59-98 img.kb-inline-image, .wp-block-kadence-advancedheading.kt-adv-heading395_206d59-98[data-kb-block=\"kb-adv-heading395_206d59-98\"] img.kb-inline-image{width:150px;vertical-align:baseline;}<\/style>\n<h2 class=\"kt-adv-heading395_206d59-98 wp-block-kadence-advancedheading has-theme-palette-3-color has-text-color\" data-kb-block=\"kb-adv-heading395_206d59-98\">Hyv\u00e4 tiet\u00e4\u00e4&#8230;<\/h2>\n\n\n\n<p class=\"has-theme-palette-3-color has-text-color\">Far far away, behind the word mountains, far from the countries Vokalia and Consonantia, there live the blind texts.<\/p>\n\n\n\n<p class=\"has-theme-palette-3-color has-text-color\">Separated they live in Bookmarksgrove right at the coast of the Semantics, a large language ocean.<\/p>\n\n\n\n<p class=\"has-theme-palette-3-color has-text-color\">A small river named Duden flows by their place and supplies it with the necessary regelialia. It is a paradisematic country, in which roasted parts of sentences fly into your mouth.<\/p>\n\n\n\n<p class=\"has-theme-palette-3-color has-text-color\">Even the all-powerful Pointing has no control about the blind texts it is an almost unorthographic life One day however a small line of blind text by the name of Lorem Ipsum decided to leave for the far World of Grammar.<\/p>\n<\/div><\/div>\n\n\n<style>.kadence-column395_9ce428-22 > .kt-inside-inner-col,.kadence-column395_9ce428-22 > .kt-inside-inner-col:before{border-top-left-radius:0px;border-top-right-radius:0px;border-bottom-right-radius:0px;border-bottom-left-radius:0px;}.kadence-column395_9ce428-22 > .kt-inside-inner-col{column-gap:var(--global-kb-gap-sm, 1rem);}.kadence-column395_9ce428-22 > .kt-inside-inner-col{flex-direction:column;}.kadence-column395_9ce428-22 > .kt-inside-inner-col > .aligncenter{width:100%;}.kadence-column395_9ce428-22 > .kt-inside-inner-col:before{opacity:0.3;}.kadence-column395_9ce428-22{position:relative;}@media all and (max-width: 1024px){.kadence-column395_9ce428-22 > .kt-inside-inner-col{flex-direction:column;justify-content:center;}}@media all and (max-width: 767px){.kadence-column395_9ce428-22 > .kt-inside-inner-col{flex-direction:column;justify-content:center;}}<\/style>\n<div class=\"wp-block-kadence-column kadence-column395_9ce428-22\"><div class=\"kt-inside-inner-col\"><style>.wp-block-kadence-advancedheading.kt-adv-heading395_24db5d-6b, .wp-block-kadence-advancedheading.kt-adv-heading395_24db5d-6b[data-kb-block=\"kb-adv-heading395_24db5d-6b\"]{margin-bottom:var(--global-kb-spacing-sm, 1.5rem);font-style:normal;}.wp-block-kadence-advancedheading.kt-adv-heading395_24db5d-6b mark.kt-highlight, .wp-block-kadence-advancedheading.kt-adv-heading395_24db5d-6b[data-kb-block=\"kb-adv-heading395_24db5d-6b\"] mark.kt-highlight{font-style:normal;color:#f76a0c;-webkit-box-decoration-break:clone;box-decoration-break:clone;padding-top:0px;padding-right:0px;padding-bottom:0px;padding-left:0px;}.wp-block-kadence-advancedheading.kt-adv-heading395_24db5d-6b img.kb-inline-image, .wp-block-kadence-advancedheading.kt-adv-heading395_24db5d-6b[data-kb-block=\"kb-adv-heading395_24db5d-6b\"] img.kb-inline-image{width:150px;vertical-align:baseline;}<\/style>\n<h2 class=\"kt-adv-heading395_24db5d-6b wp-block-kadence-advancedheading has-theme-palette-3-color has-text-color\" data-kb-block=\"kb-adv-heading395_24db5d-6b\">J\u00e4t\u00e4 viesti<\/h2>\n\n\n<style>.kadence-form-395_603ff9-7a .kb-form .kadence-blocks-form-field .kb-text-style-field, .kadence-form-395_603ff9-7a .kb-form .kadence-blocks-form-field .kb-select-style-field{border-radius:0px;border-width:0px 0px 0px 0px;}.kadence-form-395_603ff9-7a .kb-form .kadence-blocks-form-field > label{color:var(--global-palette3, #1A202C);}.kadence-form-395_603ff9-7a .kb-form .kadence-blocks-form-field .kb-forms-submit{border-radius:0px;border-width:0px 0px 0px 0px;}.kb-form input.kadence-blocks-field.verify{opacity:0.0;position:absolute;top:0.0;left:0.0;width:0.0;height:0.0;z-index:-1;}<\/style>\n<div class=\"wp-block-kadence-form kadence-form-395_603ff9-7a kb-form-wrap\"><form class=\"kb-form\" action=\"\" method=\"post\"><div class=\"kadence-blocks-form-field kb-field-desk-width-100 kb-input-size-small\"><label for=\"kb_field_395_603ff9-7a_0\">Nimi<span class=\"required\">*<\/span><\/label><input name=\"kb_field_0\" id=\"kb_field_395_603ff9-7a_0\" data-label=\"Nimi\" type=\"text\" placeholder=\"\" value=\"\" data-type=\"text\" class=\"kb-field kb-text-style-field kb-text-field kb-field-0\" data-required=\"yes\"\/><\/div><div class=\"kadence-blocks-form-field kb-form-field-1 kb-field-desk-width-100 kb-input-size-small\"><label for=\"kb_field_395_603ff9-7a_1\">S\u00e4hk\u00f6posti<span class=\"required\">*<\/span><\/label><input name=\"kb_field_1\" id=\"kb_field_395_603ff9-7a_1\" data-label=\"S\u00e4hk\u00f6posti\" type=\"email\" placeholder=\"\" value=\"\" data-type=\"email\" class=\"kb-field kb-text-style-field kb-email-field kb-field-1\" data-required=\"yes\"\/><\/div><div class=\"kadence-blocks-form-field kb-form-field-2 kb-field-desk-width-100 kb-input-size-small\"><label for=\"kb_field_395_603ff9-7a_2\">Viesti<span class=\"required\">*<\/span><\/label><textarea name=\"kb_field_2\" id=\"kb_field_395_603ff9-7a_2\" data-label=\"Viesti\" type=\"textarea\" placeholder=\"\" data-type=\"textarea\" class=\"kb-field kb-text-style-field kb-textarea-field kb-field-2\" rows=\"4\" data-required=\"yes\"><\/textarea><\/div><input type=\"hidden\" name=\"_kb_form_id\" value=\"395_603ff9-7a\"\/><input type=\"hidden\" name=\"_kb_form_post_id\" value=\"395\"\/><input type=\"hidden\" name=\"action\" value=\"kb_process_ajax_submit\"\/><label class=\"kadence-verify-label\">Email<input class=\"kadence-blocks-field verify\" type=\"text\" name=\"_kb_verify_email\" autocomplete=\"new-password\" aria-hidden=\"true\" placeholder=\"Email\" tabindex=\"-1\" data-1p-ignore=\"true\" data-lpignore=\"true\" \/><\/label><div class=\"kadence-blocks-form-field kb-submit-field kb-field-desk-width-100\"><button class=\"kb-forms-submit button kb-button-size-standard kb-button-width-full\">L\u00e4het\u00e4<\/button><\/div><\/form><\/div>\n<noscript><div class=\"kadence-blocks-form-message kadence-blocks-form-warning\">Please enable JavaScript in your browser to submit the form<\/div><style>.kadence-form-395_603ff9-7a .kadence-blocks-form-field.kb-submit-field { display: none; }<\/style><\/noscript><\/div><\/div>\n\n<\/div><\/div>","protected":false},"excerpt":{"rendered":"<p>Yhteystiedot Seuraa meit\u00e4 somessa Hyv\u00e4 tiet\u00e4\u00e4&#8230; Far far away, behind the word mountains, far from the countries Vokalia and Consonantia, there live the blind texts. Separated they live in Bookmarksgrove right at the coast of the Semantics, a large language ocean. A small river named Duden flows by their place and supplies it with the&#8230;<\/p>\n","protected":false},"author":2,"featured_media":0,"parent":0,"menu_order":0,"comment_status":"closed","ping_status":"closed","template":"","meta":{"_kad_post_transparent":"","_kad_post_title":"","_kad_post_layout":"","_kad_post_sidebar_id":"","_kad_post_content_style":"","_kad_post_vertical_padding":"hide","_kad_post_feature":"","_kad_post_feature_position":"","_kad_post_header":false,"_kad_post_footer":false,"_kad_post_classname":"","footnotes":""},"class_list":["post-395","page","type-page","status-publish","hentry"],"_links":{"self":[{"href":"https:\/\/demot.mkteemat.com\/helmi\/wp-json\/wp\/v2\/pages\/395","targetHints":{"allow":["GET"]}}],"collection":[{"href":"https:\/\/demot.mkteemat.com\/helmi\/wp-json\/wp\/v2\/pages"}],"about":[{"href":"https:\/\/demot.mkteemat.com\/helmi\/wp-json\/wp\/v2\/types\/page"}],"author":[{"embeddable":true,"href":"https:\/\/demot.mkteemat.com\/helmi\/wp-json\/wp\/v2\/users\/2"}],"replies":[{"embeddable":true,"href":"https:\/\/demot.mkteemat.com\/helmi\/wp-json\/wp\/v2\/comments?post=395"}],"version-history":[{"count":3,"href":"https:\/\/demot.mkteemat.com\/helmi\/wp-json\/wp\/v2\/pages\/395\/revisions"}],"predecessor-version":[{"id":540,"href":"https:\/\/demot.mkteemat.com\/helmi\/wp-json\/wp\/v2\/pages\/395\/revisions\/540"}],"wp:attachment":[{"href":"https:\/\/demot.mkteemat.com\/helmi\/wp-json\/wp\/v2\/media?parent=395"}],"curies":[{"name":"wp","href":"https:\/\/api.w.org\/{rel}","templated":true}]}}